{"id":322,"date":"2026-01-14T03:18:52","date_gmt":"2026-01-14T02:18:52","guid":{"rendered":"https:\/\/438255.cms-pedago.uco.fr\/?page_id=322"},"modified":"2026-03-02T00:29:49","modified_gmt":"2026-03-01T23:29:49","slug":"projets-de-benevolat","status":"publish","type":"page","link":"https:\/\/portfoliodelounamarin.com\/?page_id=322","title":{"rendered":"Projets de b\u00e9n\u00e9volat"},"content":{"rendered":"\n<div style=\"height:2px\" aria-hidden=\"true\" class=\"wp-block-spacer\"><\/div>\n\n\n\n<div id=\"wp-block-themeisle-blocks-font-awesome-icons-0306cd7f\" class=\"wp-block-themeisle-blocks-font-awesome-icons\"><span class=\"wp-block-themeisle-blocks-font-awesome-icons-container nan-padding\"><a href=\"https:\/\/portfoliodelounamarin.com\/?page_id=29\" target=\"_self\" rel=\"noopener noreferrer\"><i class=\"fas fa-arrow-left\"><\/i><\/a><\/span><\/div>\n\n\n\n<h2 class=\"wp-block-heading has-text-align-center is-style-text-annotation has-accent-4-background-color has-background has-medium-font-size is-style-text-annotation--1\">Retrouvez mes actions et cr\u00e9ations au sein d\u2019associations. Ces projets montrent mon engagement et ma motivation \u00e0 contribuer de mani\u00e8re significative en dehors des cours.<\/h2>\n\n\n\n<div style=\"height:40px\" aria-hidden=\"true\" class=\"wp-block-spacer\"><\/div>\n\n\n\n<div class=\"wp-block-group alignwide has-global-padding is-layout-constrained wp-block-group-is-layout-constrained\">\n<div class=\"wp-block-columns alignwide is-layout-flex wp-container-core-columns-is-layout-28f84493 wp-block-columns-is-layout-flex\">\n<div class=\"wp-block-column is-vertically-aligned-center is-layout-flow wp-block-column-is-layout-flow\">\n<div class=\"wp-block-columns is-layout-flex wp-container-core-columns-is-layout-28f84493 wp-block-columns-is-layout-flex\">\n<div class=\"wp-block-column is-vertically-aligned-center is-layout-flow wp-block-column-is-layout-flow\" style=\"border-style:none;border-width:0px;border-top-left-radius:15px;border-top-right-radius:15px;border-bottom-left-radius:15px;border-bottom-right-radius:15px;flex-basis:110%\">\n<figure data-wp-context=\"{&quot;imageId&quot;:&quot;69d452a1c112f&quot;}\" data-wp-interactive=\"core\/image\" data-wp-key=\"69d452a1c112f\" class=\"wp-block-image aligncenter size-large has-custom-border is-style-default wp-lightbox-container\" style=\"margin-top:0;margin-bottom:0\"><img loading=\"lazy\" decoding=\"async\" width=\"1024\" height=\"576\" data-wp-class--hide=\"state.isContentHidden\" data-wp-class--show=\"state.isContentVisible\" data-wp-init=\"callbacks.setButtonStyles\" data-wp-on--click=\"actions.showLightbox\" data-wp-on--load=\"callbacks.setButtonStyles\" data-wp-on-window--resize=\"callbacks.setButtonStyles\" src=\"https:\/\/portfoliodelounamarin.com\/wp-content\/uploads\/2026\/01\/BDE-exemple-portefolio-1024x576.png\" alt=\"\" class=\"wp-image-523\" style=\"border-top-left-radius:15px;border-top-right-radius:15px;border-bottom-left-radius:15px;border-bottom-right-radius:15px\" title=\"\" srcset=\"https:\/\/portfoliodelounamarin.com\/wp-content\/uploads\/2026\/01\/BDE-exemple-portefolio-1024x576.png 1024w, https:\/\/portfoliodelounamarin.com\/wp-content\/uploads\/2026\/01\/BDE-exemple-portefolio-300x169.png 300w, https:\/\/portfoliodelounamarin.com\/wp-content\/uploads\/2026\/01\/BDE-exemple-portefolio-768x432.png 768w, https:\/\/portfoliodelounamarin.com\/wp-content\/uploads\/2026\/01\/BDE-exemple-portefolio-1536x864.png 1536w, https:\/\/portfoliodelounamarin.com\/wp-content\/uploads\/2026\/01\/BDE-exemple-portefolio.png 1920w\" sizes=\"auto, (max-width: 1024px) 100vw, 1024px\" \/><button\n\t\t\tclass=\"lightbox-trigger\"\n\t\t\ttype=\"button\"\n\t\t\taria-haspopup=\"dialog\"\n\t\t\taria-label=\"Agrandir\"\n\t\t\tdata-wp-init=\"callbacks.initTriggerButton\"\n\t\t\tdata-wp-on--click=\"actions.showLightbox\"\n\t\t\tdata-wp-style--right=\"state.imageButtonRight\"\n\t\t\tdata-wp-style--top=\"state.imageButtonTop\"\n\t\t>\n\t\t\t<svg xmlns=\"http:\/\/www.w3.org\/2000\/svg\" width=\"12\" height=\"12\" fill=\"none\" viewBox=\"0 0 12 12\">\n\t\t\t\t<path fill=\"#fff\" d=\"M2 0a2 2 0 0 0-2 2v2h1.5V2a.5.5 0 0 1 .5-.5h2V0H2Zm2 10.5H2a.5.5 0 0 1-.5-.5V8H0v2a2 2 0 0 0 2 2h2v-1.5ZM8 12v-1.5h2a.5.5 0 0 0 .5-.5V8H12v2a2 2 0 0 1-2 2H8Zm2-12a2 2 0 0 1 2 2v2h-1.5V2a.5.5 0 0 0-.5-.5H8V0h2Z\" \/>\n\t\t\t<\/svg>\n\t\t<\/button><\/figure>\n<\/div>\n\n\n\n<div class=\"wp-block-column is-layout-flow wp-block-column-is-layout-flow\" style=\"flex-basis:33.33%\">\n<figure class=\"wp-block-video aligncenter\"><video height=\"1920\" style=\"aspect-ratio: 1080 \/ 1920;\" width=\"1080\" autoplay loop muted src=\"https:\/\/portfoliodelounamarin.com\/wp-content\/uploads\/2026\/01\/Stories-annonces-soirees-25-26.mp4\" playsinline><\/video><\/figure>\n<\/div>\n<\/div>\n<\/div>\n\n\n\n<div class=\"wp-block-column is-vertically-aligned-center is-layout-flow wp-block-column-is-layout-flow\" style=\"flex-basis:400px\">\n<h3 class=\"wp-block-heading\"><strong>P\u00f4le Communication \u2013 BDE Tiger\u2019s Hood<\/strong><em>(Septembre 2024 \u2013 aujourd\u2019hui)<\/em><\/h3>\n\n\n\n<blockquote class=\"wp-block-quote is-layout-flow wp-block-quote-is-layout-flow\">\n<h2 class=\"wp-block-heading has-small-font-size\"><strong>Participation active avec une \u00e9quipe de 5 personnes \u00e0 la r\u00e9alisation de supports de communication autour des \u00e9v\u00e9nements \u00e9tudiants propos\u00e9s (soir\u00e9e d\u2019int\u00e9gration, soir\u00e9es \u00e0 th\u00e8me).<br>\u2192 <\/strong>Cr\u00e9ation collaborative de supports visuels : affiches, montages vid\u00e9o\u2026<br><strong>\u2192 <\/strong>Gestion et animation des publications sur Insta.<br><strong>\u2192 <\/strong>Veille \u00e0 la coh\u00e9rence visuelle et graphique des \u00e9v\u00e9nements gr\u00e2ce \u00e0 la cr\u00e9ation d\u2019une charte graphique.<\/h2>\n<\/blockquote>\n\n\n\n<p class=\"is-style-text-annotation has-accent-4-color has-contrast-background-color has-text-color has-background wp-elements-132ae0485f805b1ae9a3c9fe31f3d702 is-style-text-annotation--2\">Compte Instagram : <a href=\"https:\/\/www.instagram.com\/bde_tigershood\/?__pwa=1\" data-type=\"link\" data-id=\"https:\/\/www.instagram.com\/bde_tigershood\/?__pwa=1\" target=\"_blank\" rel=\"noopener\"><strong>@bde_tigershood<\/strong><\/a><\/p>\n<\/div>\n<\/div>\n<\/div>\n\n\n\n<div style=\"height:20px\" aria-hidden=\"true\" class=\"wp-block-spacer\"><\/div>\n\n\n\n<hr class=\"wp-block-separator has-alpha-channel-opacity\"\/>\n\n\n\n<div style=\"height:20px\" aria-hidden=\"true\" class=\"wp-block-spacer\"><\/div>\n\n\n\n<div class=\"wp-block-group alignwide has-global-padding is-layout-constrained wp-block-group-is-layout-constrained\">\n<div class=\"wp-block-columns alignwide is-layout-flex wp-container-core-columns-is-layout-28f84493 wp-block-columns-is-layout-flex\">\n<div class=\"wp-block-column is-vertically-aligned-center is-layout-flow wp-block-column-is-layout-flow\" style=\"flex-basis:400px\">\n<h3 class=\"wp-block-heading has-text-align-left\"><strong>Charg\u00e9e de communication \u2013 Association sportive l\u2019ADDAN<\/strong> <em>(Septembre 2025 \u2013 aujourd\u2019hui)<\/em><\/h3>\n\n\n\n<blockquote class=\"wp-block-quote is-layout-flow wp-block-quote-is-layout-flow\">\n<h2 class=\"wp-block-heading has-small-font-size\"><strong>Contribution \u00e0 la promotion des activit\u00e9s et \u00e9v\u00e9nements de l\u2019association sur Insta.<br>\u2192 <\/strong>Conception de supports de communication vari\u00e9s (affiches, publications digitales).<br><strong>\u2192 <\/strong>R\u00e9alisation d\u2019un montage vid\u00e9o pour valoriser la discipline de l&rsquo;art du d\u00e9placement.<br><strong>\u2192 <\/strong>Cr\u00e9ation d\u2019une identit\u00e9 visuelle coh\u00e9rente et claire.<\/h2>\n<\/blockquote>\n\n\n\n<p class=\"is-style-text-annotation has-accent-4-color has-contrast-background-color has-text-color has-background has-link-color wp-elements-1a2a14c8621485c28710d4e65c09023a is-style-text-annotation--3\">Compte Instagram : <a href=\"https:\/\/www.instagram.com\/addacademynantes\/followers\/\" target=\"_blank\" rel=\"noopener\"><strong>@addacademynantes<\/strong><\/a><\/p>\n<\/div>\n\n\n\n<div class=\"wp-block-column is-vertically-aligned-center is-layout-flow wp-block-column-is-layout-flow\" style=\"flex-basis:150px\">\n<figure class=\"wp-block-video\"><video height=\"1920\" style=\"aspect-ratio: 1080 \/ 1920;\" width=\"1080\" autoplay loop muted src=\"https:\/\/portfoliodelounamarin.com\/wp-content\/uploads\/2026\/01\/Story-animee-evenements.mp4\" playsinline><\/video><\/figure>\n<\/div>\n\n\n\n<div class=\"wp-block-column is-vertically-aligned-top is-layout-flow wp-block-column-is-layout-flow\" style=\"flex-basis:500px\">\n<div id=\"wp-block-themeisle-blocks-slider-c51c2aa9\" class=\"wp-block-themeisle-blocks-slider glide\" data-per-view=\"1\" data-gap=\"0\" data-peek=\"0\" data-autoplay=\"true\" data-height=\"268px\" data-hide-arrows=\"true\"><div class=\"glide__track\" data-glide-el=\"track\"><div class=\"glide__slides\"><div class=\"wp-block-themeisle-blocks-slider-item-wrapper glide__slide\" tabindex=\"0\"><figure><img decoding=\"async\" class=\"wp-block-themeisle-blocks-slider-item\" src=\"https:\/\/portfoliodelounamarin.com\/wp-content\/uploads\/2026\/01\/8.png\" alt=\"\" title=\"\" data-id=\"447\"><\/figure><\/div><div class=\"wp-block-themeisle-blocks-slider-item-wrapper glide__slide\" tabindex=\"0\"><figure><img decoding=\"async\" class=\"wp-block-themeisle-blocks-slider-item\" src=\"https:\/\/portfoliodelounamarin.com\/wp-content\/uploads\/2026\/01\/7.png\" alt=\"\" title=\"\" data-id=\"446\"><\/figure><\/div><div class=\"wp-block-themeisle-blocks-slider-item-wrapper glide__slide\" tabindex=\"0\"><figure><img decoding=\"async\" class=\"wp-block-themeisle-blocks-slider-item\" src=\"https:\/\/portfoliodelounamarin.com\/wp-content\/uploads\/2026\/01\/5-1.png\" alt=\"\" title=\"\" data-id=\"444\"><\/figure><\/div><div class=\"wp-block-themeisle-blocks-slider-item-wrapper glide__slide\" tabindex=\"0\"><figure><img decoding=\"async\" class=\"wp-block-themeisle-blocks-slider-item\" src=\"https:\/\/portfoliodelounamarin.com\/wp-content\/uploads\/2026\/01\/6-1.png\" alt=\"\" title=\"\" data-id=\"445\"><\/figure><\/div><\/div><\/div><\/div>\n<\/div>\n<\/div>\n<\/div>\n\n\n\n<div style=\"height:20px\" aria-hidden=\"true\" class=\"wp-block-spacer\"><\/div>\n\n\n\n<hr class=\"wp-block-separator has-alpha-channel-opacity\"\/>\n\n\n\n<div style=\"height:20px\" aria-hidden=\"true\" class=\"wp-block-spacer\"><\/div>\n\n\n\n<div class=\"wp-block-group alignwide has-global-padding is-layout-constrained wp-block-group-is-layout-constrained\">\n<div class=\"wp-block-columns alignwide is-layout-flex wp-container-core-columns-is-layout-28f84493 wp-block-columns-is-layout-flex\">\n<div class=\"wp-block-column is-layout-flow wp-block-column-is-layout-flow\" style=\"flex-basis:500px\">\n<div id=\"wp-block-themeisle-blocks-slider-e78867b1\" class=\"wp-block-themeisle-blocks-slider glide\" data-per-view=\"1\" data-gap=\"0\" data-peek=\"0\" data-autoplay=\"true\" data-height=\"268px\" data-hide-arrows=\"true\"><div class=\"glide__track\" data-glide-el=\"track\"><div class=\"glide__slides\"><div class=\"wp-block-themeisle-blocks-slider-item-wrapper glide__slide\" tabindex=\"0\"><figure><img decoding=\"async\" class=\"wp-block-themeisle-blocks-slider-item\" src=\"https:\/\/portfoliodelounamarin.com\/wp-content\/uploads\/2026\/01\/6-2.png\" alt=\"\" title=\"\" data-id=\"459\"><\/figure><\/div><div class=\"wp-block-themeisle-blocks-slider-item-wrapper glide__slide\" tabindex=\"0\"><figure><img decoding=\"async\" class=\"wp-block-themeisle-blocks-slider-item\" src=\"https:\/\/portfoliodelounamarin.com\/wp-content\/uploads\/2026\/01\/8-1.png\" alt=\"\" title=\"\" data-id=\"461\"><\/figure><\/div><div class=\"wp-block-themeisle-blocks-slider-item-wrapper glide__slide\" tabindex=\"0\"><figure><img decoding=\"async\" class=\"wp-block-themeisle-blocks-slider-item\" src=\"https:\/\/portfoliodelounamarin.com\/wp-content\/uploads\/2026\/01\/5-2.png\" alt=\"\" title=\"\" data-id=\"458\"><\/figure><\/div><div class=\"wp-block-themeisle-blocks-slider-item-wrapper glide__slide\" tabindex=\"0\"><figure><img decoding=\"async\" class=\"wp-block-themeisle-blocks-slider-item\" src=\"https:\/\/portfoliodelounamarin.com\/wp-content\/uploads\/2026\/01\/7-1.png\" alt=\"\" title=\"\" data-id=\"460\"><\/figure><\/div><\/div><\/div><\/div>\n<\/div>\n\n\n\n<div class=\"wp-block-column is-vertically-aligned-center is-layout-flow wp-block-column-is-layout-flow\">\n<h3 class=\"wp-block-heading\"><strong>Community Manager b\u00e9n\u00e9vole \u2013 Association Vertivin<br><\/strong><em>(D\u00e9cembre 2024 \u2013 Avril et D\u00e9cembre 2025 \u2013 aujourd\u2019hui)<\/em><\/h3>\n\n\n\n<blockquote class=\"wp-block-quote is-layout-flow wp-block-quote-is-layout-flow\">\n<h2 class=\"wp-block-heading has-small-font-size\"><strong>D\u00e9veloppement et gestion de la communication digitale pour le Salon des Vins \u201cLes Vertivinies\u201d.<br>\u2192 <\/strong>Gestion autonome des r\u00e9seaux sociaux et planification des publications via un r\u00e9troplanning.<br><strong>\u2192 <\/strong>Cr\u00e9ation de contenus pour promouvoir la 12\u00e8me \u00e9dition du salon aupr\u00e8s du public et des vignerons.<br><strong>\u2192 <\/strong>Coordination avec les partenaires externes pour assurer une communication efficace et professionnelle.<\/h2>\n<\/blockquote>\n\n\n\n<p class=\"is-style-text-annotation has-accent-4-color has-contrast-background-color has-text-color has-background has-link-color wp-elements-73a6f3360cf6333965578b7581bd937f is-style-text-annotation--4\">Compte Instagram : <strong><a href=\"https:\/\/www.instagram.com\/vertivin44\/?__pwa=1\" target=\"_blank\" rel=\"noopener\">@vertivin44<\/a><\/strong>   |   Compte FaceBook : <a href=\"https:\/\/www.facebook.com\/vertivin\/\" target=\"_blank\" rel=\"noopener\"><strong>@Vertivin<\/strong><\/a> <\/p>\n<\/div>\n<\/div>\n<\/div>\n\n\n\n<p><\/p>\n","protected":false},"excerpt":{"rendered":"<p>Retrouvez mes actions et cr\u00e9ations au sein d\u2019associations. Ces projets montrent mon engagement et ma motivation \u00e0 contribuer de mani\u00e8re significative en dehors des cours. P\u00f4le Communication \u2013 BDE Tiger\u2019s Hood(Septembre 2024 \u2013 aujourd\u2019hui) Participation active avec une \u00e9quipe de 5 personnes \u00e0 la r\u00e9alisation de supports de communication autour des \u00e9v\u00e9nements \u00e9tudiants propos\u00e9s (soir\u00e9e [&hellip;]<\/p>\n","protected":false},"author":1,"featured_media":523,"parent":29,"menu_order":0,"comment_status":"closed","ping_status":"closed","template":"","meta":{"_themeisle_gutenberg_block_has_review":false,"footnotes":""},"class_list":["post-322","page","type-page","status-publish","has-post-thumbnail","hentry"],"_links":{"self":[{"href":"https:\/\/portfoliodelounamarin.com\/index.php?rest_route=\/wp\/v2\/pages\/322","targetHints":{"allow":["GET"]}}],"collection":[{"href":"https:\/\/portfoliodelounamarin.com\/index.php?rest_route=\/wp\/v2\/pages"}],"about":[{"href":"https:\/\/portfoliodelounamarin.com\/index.php?rest_route=\/wp\/v2\/types\/page"}],"author":[{"embeddable":true,"href":"https:\/\/portfoliodelounamarin.com\/index.php?rest_route=\/wp\/v2\/users\/1"}],"replies":[{"embeddable":true,"href":"https:\/\/portfoliodelounamarin.com\/index.php?rest_route=%2Fwp%2Fv2%2Fcomments&post=322"}],"version-history":[{"count":45,"href":"https:\/\/portfoliodelounamarin.com\/index.php?rest_route=\/wp\/v2\/pages\/322\/revisions"}],"predecessor-version":[{"id":972,"href":"https:\/\/portfoliodelounamarin.com\/index.php?rest_route=\/wp\/v2\/pages\/322\/revisions\/972"}],"up":[{"embeddable":true,"href":"https:\/\/portfoliodelounamarin.com\/index.php?rest_route=\/wp\/v2\/pages\/29"}],"wp:featuredmedia":[{"embeddable":true,"href":"https:\/\/portfoliodelounamarin.com\/index.php?rest_route=\/wp\/v2\/media\/523"}],"wp:attachment":[{"href":"https:\/\/portfoliodelounamarin.com\/index.php?rest_route=%2Fwp%2Fv2%2Fmedia&parent=322"}],"curies":[{"name":"wp","href":"https:\/\/api.w.org\/{rel}","templated":true}]}}