{"id":320,"date":"2026-01-14T03:18:33","date_gmt":"2026-01-14T02:18:33","guid":{"rendered":"https:\/\/438255.cms-pedago.uco.fr\/?page_id=320"},"modified":"2026-03-02T00:30:18","modified_gmt":"2026-03-01T23:30:18","slug":"projets-de-stage","status":"publish","type":"page","link":"https:\/\/portfoliodelounamarin.com\/?page_id=320","title":{"rendered":"Projets de stage"},"content":{"rendered":"\n<div style=\"height:2px\" aria-hidden=\"true\" class=\"wp-block-spacer\"><\/div>\n\n\n\n<div id=\"wp-block-themeisle-blocks-font-awesome-icons-0306cd7f\" class=\"wp-block-themeisle-blocks-font-awesome-icons\"><span class=\"wp-block-themeisle-blocks-font-awesome-icons-container nan-padding\"><a href=\"https:\/\/portfoliodelounamarin.com\/?page_id=29\" target=\"_self\" rel=\"noopener noreferrer\"><i class=\"fas fa-arrow-left\"><\/i><\/a><\/span><\/div>\n\n\n\n<h2 class=\"wp-block-heading has-text-align-center is-style-text-annotation has-accent-4-background-color has-background has-medium-font-size is-style-text-annotation--1\">D\u00e9couvrez les missions et r\u00e9alisations effectu\u00e9es                                                              lors de mes pr\u00e9c\u00e9dents stages.<\/h2>\n\n\n\n<div style=\"height:35px\" aria-hidden=\"true\" class=\"wp-block-spacer\"><\/div>\n\n\n\n<div class=\"wp-block-group alignwide has-global-padding is-layout-constrained wp-block-group-is-layout-constrained\">\n<div class=\"wp-block-columns alignwide is-layout-flex wp-container-core-columns-is-layout-28f84493 wp-block-columns-is-layout-flex\">\n<div class=\"wp-block-column is-vertically-aligned-center is-layout-flow wp-block-column-is-layout-flow\" style=\"flex-basis:500px\">\n<div id=\"wp-block-themeisle-blocks-slider-7ea5ba9f\" class=\"wp-block-themeisle-blocks-slider glide\" data-per-view=\"2\" data-gap=\"20\" data-peek=\"0\" data-autoplay=\"true\" data-height=\"330px\" data-hide-arrows=\"true\"><div class=\"glide__track\" data-glide-el=\"track\"><div class=\"glide__slides\"><div class=\"wp-block-themeisle-blocks-slider-item-wrapper glide__slide\" tabindex=\"0\"><figure><img decoding=\"async\" class=\"wp-block-themeisle-blocks-slider-item\" src=\"https:\/\/portfoliodelounamarin.com\/wp-content\/uploads\/2026\/01\/1-2.png\" alt=\"\" title=\"\" data-id=\"578\"><\/figure><\/div><div class=\"wp-block-themeisle-blocks-slider-item-wrapper glide__slide\" tabindex=\"0\"><figure><img decoding=\"async\" class=\"wp-block-themeisle-blocks-slider-item\" src=\"https:\/\/portfoliodelounamarin.com\/wp-content\/uploads\/2026\/01\/2-2.png\" alt=\"\" title=\"\" data-id=\"579\"><\/figure><\/div><div class=\"wp-block-themeisle-blocks-slider-item-wrapper glide__slide\" tabindex=\"0\"><figure><img decoding=\"async\" class=\"wp-block-themeisle-blocks-slider-item\" src=\"https:\/\/portfoliodelounamarin.com\/wp-content\/uploads\/2026\/01\/3-2.png\" alt=\"\" title=\"\" data-id=\"580\"><\/figure><\/div><div class=\"wp-block-themeisle-blocks-slider-item-wrapper glide__slide\" tabindex=\"0\"><figure><img decoding=\"async\" class=\"wp-block-themeisle-blocks-slider-item\" src=\"https:\/\/portfoliodelounamarin.com\/wp-content\/uploads\/2026\/01\/4-1.png\" alt=\"\" title=\"\" data-id=\"581\"><\/figure><\/div><div class=\"wp-block-themeisle-blocks-slider-item-wrapper glide__slide\" tabindex=\"0\"><figure><img decoding=\"async\" class=\"wp-block-themeisle-blocks-slider-item\" src=\"https:\/\/portfoliodelounamarin.com\/wp-content\/uploads\/2026\/01\/5-3.png\" alt=\"\" title=\"\" data-id=\"582\"><\/figure><\/div><\/div><\/div><\/div>\n<\/div>\n\n\n\n<div class=\"wp-block-column is-vertically-aligned-center is-layout-flow wp-block-column-is-layout-flow\" style=\"flex-basis:500px\">\n<h3 class=\"wp-block-heading\"><strong>Stagiaire assistante communication \u2013 CFA de l\u2019Intelligence Apprentie (iA), Campus de Nantes <\/strong><em>(Juin 2024 \u2013 1 mois)<\/em><\/h3>\n\n\n\n<blockquote class=\"wp-block-quote is-layout-flow wp-block-quote-is-layout-flow\">\n<h2 class=\"wp-block-heading has-small-font-size\"><strong>Participation \u00e0 la gestion de la communication interne et externe du CFA.<br>&gt; <\/strong>Refonte de l\u2019Intranet pour am\u00e9liorer l\u2019accessibilit\u00e9 et la diffusion des infos.<br><strong>&gt; <\/strong>Cr\u00e9ation de supports visuels (papeterie, documents internes).<br><strong>&gt; <\/strong>Contribution \u00e0 une campagne publicitaire et \u00e0 l\u2019organisation d\u2019\u00e9v\u00e9nements.<\/h2>\n<\/blockquote>\n\n\n\n<p class=\"is-style-text-annotation has-small-font-size is-style-text-annotation--2\">\u2192 Ensemble des supports de communication cr\u00e9\u00e9s avec la Suite Adobe.<\/p>\n<\/div>\n<\/div>\n<\/div>\n\n\n\n<div style=\"height:20px\" aria-hidden=\"true\" class=\"wp-block-spacer\"><\/div>\n\n\n\n<hr class=\"wp-block-separator has-alpha-channel-opacity\"\/>\n\n\n\n<div style=\"height:20px\" aria-hidden=\"true\" class=\"wp-block-spacer\"><\/div>\n\n\n\n<div class=\"wp-block-group alignwide has-global-padding is-layout-constrained wp-block-group-is-layout-constrained\">\n<div class=\"wp-block-columns alignwide is-layout-flex wp-container-core-columns-is-layout-28f84493 wp-block-columns-is-layout-flex\">\n<div class=\"wp-block-column is-vertically-aligned-center is-layout-flow wp-block-column-is-layout-flow\" style=\"flex-basis:500px\">\n<h3 class=\"wp-block-heading has-text-align-left\"><strong>Stagiaire communication digitale \u2013 Matias Drone <\/strong><em>(Mai \u2013 Juin 2025 \u2013 1 mois)<\/em><\/h3>\n\n\n\n<blockquote class=\"wp-block-quote is-layout-flow wp-block-quote-is-layout-flow\">\n<h2 class=\"wp-block-heading has-small-font-size\"><strong>D\u00e9veloppement et structuration de la com&rsquo; digitale de l\u2019entreprise.<br>&gt; 1\u00e8re \u00e9tape :<\/strong> Cr\u00e9ation d\u2019une identit\u00e9 visuelle unique, suivie de la r\u00e9alisation d\u2019une charte graphique et de la refonte du logo.<br><strong>&gt; 2\u00e8me \u00e9tape :<\/strong> Adaptation aux supports de communication digitaux: prise en main des r\u00e9seaux sociaux (Instagram et TikTok), cr\u00e9ation d\u2019une signature mail.<br>Refonte du site web afin d\u2019am\u00e9liorer la visibilit\u00e9 et la coh\u00e9rence de la marque.<\/h2>\n<\/blockquote>\n\n\n\n<p class=\"is-style-text-annotation has-small-font-size is-style-text-annotation--3\">\u2192 Communication digitale et charte graphique r\u00e9alis\u00e9e avec Canva.<\/p>\n\n\n\n<p class=\"is-style-text-annotation has-small-font-size is-style-text-annotation--4\">\u2192 Quelques \u00e9l\u00e9ments graphique cr\u00e9\u00e9s avec la Suite Adobe (logo, mail).<\/p>\n\n\n\n<p class=\"is-style-text-annotation has-accent-4-color has-contrast-background-color has-text-color has-background has-link-color wp-elements-a3aa71d88675bcba64650d1d8959683b is-style-text-annotation--5\">Compte Instagram : <strong><a href=\"https:\/\/www.instagram.com\/matias_drone\/\" target=\"_blank\" rel=\"noopener\">@matias_drone<\/a><\/strong> | Lien vers le site web : <strong><a href=\"https:\/\/matiasl2811.wixsite.com\/matias-photographies\" target=\"_blank\" rel=\"noopener\">Matias Drone<\/a><\/strong><\/p>\n<\/div>\n\n\n\n<div class=\"wp-block-column is-vertically-aligned-center is-layout-flow wp-block-column-is-layout-flow\">\n<div id=\"wp-block-themeisle-blocks-slider-af580152\" class=\"wp-block-themeisle-blocks-slider glide\" data-per-view=\"2\" data-gap=\"20\" data-peek=\"0\" data-autoplay=\"true\" data-height=\"370px\" data-hide-arrows=\"true\"><div class=\"glide__track\" data-glide-el=\"track\"><div class=\"glide__slides\"><div class=\"wp-block-themeisle-blocks-slider-item-wrapper glide__slide\" tabindex=\"0\"><figure><img decoding=\"async\" class=\"wp-block-themeisle-blocks-slider-item\" src=\"https:\/\/portfoliodelounamarin.com\/wp-content\/uploads\/2026\/01\/Annexes-realisations_page-0001.jpg\" alt=\"\" title=\"\" data-id=\"533\"><\/figure><\/div><div class=\"wp-block-themeisle-blocks-slider-item-wrapper glide__slide\" tabindex=\"0\"><figure><img decoding=\"async\" class=\"wp-block-themeisle-blocks-slider-item\" src=\"https:\/\/portfoliodelounamarin.com\/wp-content\/uploads\/2026\/01\/Annexes-realisations_page-0002.jpg\" alt=\"\" title=\"\" data-id=\"534\"><\/figure><\/div><div class=\"wp-block-themeisle-blocks-slider-item-wrapper glide__slide\" tabindex=\"0\"><figure><img decoding=\"async\" class=\"wp-block-themeisle-blocks-slider-item\" src=\"https:\/\/portfoliodelounamarin.com\/wp-content\/uploads\/2026\/01\/Annexes-realisations_page-0003.jpg\" alt=\"\" title=\"\" data-id=\"535\"><\/figure><\/div><div class=\"wp-block-themeisle-blocks-slider-item-wrapper glide__slide\" tabindex=\"0\"><figure><img decoding=\"async\" class=\"wp-block-themeisle-blocks-slider-item\" src=\"https:\/\/portfoliodelounamarin.com\/wp-content\/uploads\/2026\/01\/Annexes-realisations_page-0004.jpg\" alt=\"\" title=\"\" data-id=\"536\"><\/figure><\/div><div class=\"wp-block-themeisle-blocks-slider-item-wrapper glide__slide\" tabindex=\"0\"><figure><img decoding=\"async\" class=\"wp-block-themeisle-blocks-slider-item\" src=\"https:\/\/portfoliodelounamarin.com\/wp-content\/uploads\/2026\/01\/Annexes-realisations_page-0005.jpg\" alt=\"\" title=\"\" data-id=\"537\"><\/figure><\/div><div class=\"wp-block-themeisle-blocks-slider-item-wrapper glide__slide\" tabindex=\"0\"><figure><img decoding=\"async\" class=\"wp-block-themeisle-blocks-slider-item\" src=\"https:\/\/portfoliodelounamarin.com\/wp-content\/uploads\/2026\/01\/Annexes-realisations_page-0006.jpg\" alt=\"\" title=\"\" data-id=\"538\"><\/figure><\/div><div class=\"wp-block-themeisle-blocks-slider-item-wrapper glide__slide\" tabindex=\"0\"><figure><img decoding=\"async\" class=\"wp-block-themeisle-blocks-slider-item\" src=\"https:\/\/portfoliodelounamarin.com\/wp-content\/uploads\/2026\/01\/Annexes-realisations_page-0007.jpg\" alt=\"\" title=\"\" data-id=\"539\"><\/figure><\/div><div class=\"wp-block-themeisle-blocks-slider-item-wrapper glide__slide\" tabindex=\"0\"><figure><img decoding=\"async\" class=\"wp-block-themeisle-blocks-slider-item\" src=\"https:\/\/portfoliodelounamarin.com\/wp-content\/uploads\/2026\/01\/Annexes-realisations_page-0008.jpg\" alt=\"\" title=\"\" data-id=\"540\"><\/figure><\/div><div class=\"wp-block-themeisle-blocks-slider-item-wrapper glide__slide\" tabindex=\"0\"><figure><img decoding=\"async\" class=\"wp-block-themeisle-blocks-slider-item\" src=\"https:\/\/portfoliodelounamarin.com\/wp-content\/uploads\/2026\/01\/Annexes-realisations_page-0009.jpg\" alt=\"\" title=\"\" data-id=\"541\"><\/figure><\/div><\/div><\/div><\/div>\n<\/div>\n<\/div>\n\n\n\n<p><\/p>\n\n\n\n<p><\/p>\n<\/div>\n\n\n\n<p><\/p>\n","protected":false},"excerpt":{"rendered":"<p>D\u00e9couvrez les missions et r\u00e9alisations effectu\u00e9es lors de mes pr\u00e9c\u00e9dents stages. Stagiaire assistante communication \u2013 CFA de l\u2019Intelligence Apprentie (iA), Campus de Nantes (Juin 2024 \u2013 1 mois) Participation \u00e0 la gestion de la communication interne et externe du CFA.&gt; Refonte de l\u2019Intranet pour am\u00e9liorer l\u2019accessibilit\u00e9 et la diffusion des infos.&gt; Cr\u00e9ation de supports visuels [&hellip;]<\/p>\n","protected":false},"author":1,"featured_media":0,"parent":29,"menu_order":0,"comment_status":"closed","ping_status":"closed","template":"","meta":{"_themeisle_gutenberg_block_has_review":false,"footnotes":""},"class_list":["post-320","page","type-page","status-publish","hentry"],"_links":{"self":[{"href":"https:\/\/portfoliodelounamarin.com\/index.php?rest_route=\/wp\/v2\/pages\/320","targetHints":{"allow":["GET"]}}],"collection":[{"href":"https:\/\/portfoliodelounamarin.com\/index.php?rest_route=\/wp\/v2\/pages"}],"about":[{"href":"https:\/\/portfoliodelounamarin.com\/index.php?rest_route=\/wp\/v2\/types\/page"}],"author":[{"embeddable":true,"href":"https:\/\/portfoliodelounamarin.com\/index.php?rest_route=\/wp\/v2\/users\/1"}],"replies":[{"embeddable":true,"href":"https:\/\/portfoliodelounamarin.com\/index.php?rest_route=%2Fwp%2Fv2%2Fcomments&post=320"}],"version-history":[{"count":43,"href":"https:\/\/portfoliodelounamarin.com\/index.php?rest_route=\/wp\/v2\/pages\/320\/revisions"}],"predecessor-version":[{"id":974,"href":"https:\/\/portfoliodelounamarin.com\/index.php?rest_route=\/wp\/v2\/pages\/320\/revisions\/974"}],"up":[{"embeddable":true,"href":"https:\/\/portfoliodelounamarin.com\/index.php?rest_route=\/wp\/v2\/pages\/29"}],"wp:attachment":[{"href":"https:\/\/portfoliodelounamarin.com\/index.php?rest_route=%2Fwp%2Fv2%2Fmedia&parent=320"}],"curies":[{"name":"wp","href":"https:\/\/api.w.org\/{rel}","templated":true}]}}