{"id":3,"date":"2025-11-07T17:43:57","date_gmt":"2025-11-07T16:43:57","guid":{"rendered":"https:\/\/438255.cms-pedago.uco.fr\/?page_id=3"},"modified":"2026-03-01T21:52:53","modified_gmt":"2026-03-01T20:52:53","slug":"politique-de-confidentialite","status":"publish","type":"page","link":"https:\/\/portfoliodelounamarin.com\/?page_id=3","title":{"rendered":"Politique de confidentialit\u00e9"},"content":{"rendered":"\n<div style=\"height:3px\" aria-hidden=\"true\" class=\"wp-block-spacer\"><\/div>\n\n\n\n<p class=\"has-small-font-size\">Derni\u00e8re mise \u00e0 jour : 10\/01\/26<\/p>\n\n\n\n<p>Bienvenue sur le Portfolio de Louna Marin, un portefolio sous forme d&rsquo;un site web destin\u00e9 \u00e0 r\u00e9sumer mes projets d&rsquo;\u00e9tudiante en communication. J&rsquo;attache une grande importance \u00e0 la protection de vos donn\u00e9es personnelles. Cette politique de confidentialit\u00e9 vous informe sur la mani\u00e8re dont nous collectons, utilisons et prot\u00e9geons vos informations.<\/p>\n\n\n\n<div style=\"height:25px\" aria-hidden=\"true\" class=\"wp-block-spacer\"><\/div>\n\n\n\n<hr class=\"wp-block-separator has-alpha-channel-opacity\"\/>\n\n\n\n<h3 class=\"wp-block-heading\"><strong>1. Informations collect\u00e9es<\/strong><\/h3>\n\n\n\n<p>Nous collectons les donn\u00e9es personnelles suivantes sur le site internet :<\/p>\n\n\n\n<ul class=\"wp-block-list\">\n<li>Pr\u00e9nom<\/li>\n\n\n\n<li>Nom<\/li>\n\n\n\n<li>Adresse e-mail<\/li>\n<\/ul>\n\n\n\n<p>Ces informations sont collect\u00e9es via le formulaire de contact disponible sur notre site internet.<\/p>\n\n\n\n<hr class=\"wp-block-separator has-alpha-channel-opacity\"\/>\n\n\n\n<h3 class=\"wp-block-heading\"><strong>2. Utilisation des donn\u00e9es personnelles<\/strong><\/h3>\n\n\n\n<p>Les informations que le site collecte, sont utilis\u00e9es aux fins suivantes :<\/p>\n\n\n\n<ul class=\"wp-block-list\">\n<li>R\u00e9pondre \u00e0 vos demandes et sollicitations.<\/li>\n<\/ul>\n\n\n\n<hr class=\"wp-block-separator has-alpha-channel-opacity\"\/>\n\n\n\n<h3 class=\"wp-block-heading\"><strong>3. Protection des donn\u00e9es<\/strong><\/h3>\n\n\n\n<p>Nous mettons en place des mesures de s\u00e9curit\u00e9 techniques et organisationnelles pour prot\u00e9ger vos donn\u00e9es contre tout acc\u00e8s non autoris\u00e9, alt\u00e9ration, divulgation ou destruction.<\/p>\n\n\n\n<hr class=\"wp-block-separator has-alpha-channel-opacity\"\/>\n\n\n\n<h3 class=\"wp-block-heading\"><strong>4. Partage des donn\u00e9es<\/strong><\/h3>\n\n\n\n<p>Vos donn\u00e9es personnelles ne sont en aucun cas vendues, lou\u00e9es ou partag\u00e9es avec des tiers, sauf obligation l\u00e9gale.<\/p>\n\n\n\n<hr class=\"wp-block-separator has-alpha-channel-opacity\"\/>\n\n\n\n<h3 class=\"wp-block-heading\"><strong>5. Droits des utilisateurs<\/strong><\/h3>\n\n\n\n<p>Conform\u00e9ment au R\u00e8glement G\u00e9n\u00e9ral sur la Protection des Donn\u00e9es (RGPD), vous disposez des droits suivants :<\/p>\n\n\n\n<ul class=\"wp-block-list\">\n<li>Droit d&rsquo;acc\u00e8s : Vous pouvez demander une copie des donn\u00e9es personnelles que nous d\u00e9tenons sur vous.<\/li>\n\n\n\n<li>Droit de rectification : Vous pouvez demander la correction des informations inexactes ou incompl\u00e8tes.<\/li>\n\n\n\n<li>Droit \u00e0 l&rsquo;effacement : Vous pouvez demander la suppression de vos donn\u00e9es personnelles.<\/li>\n\n\n\n<li>Droit \u00e0 la limitation du traitement : Vous pouvez demander \u00e0 limiter l&rsquo;utilisation de vos donn\u00e9es.<\/li>\n\n\n\n<li>Droit d&rsquo;opposition : Vous pouvez vous opposer au traitement de vos donn\u00e9es personnelles.<\/li>\n<\/ul>\n\n\n\n<p>Pour exercer ces droits, veuillez nous contacter \u00e0 l&rsquo;adresse mail suivante :<\/p>\n\n\n\n<p>T\u00e9l\u00e9phone : 07 83 10 82 34<\/p>\n\n\n\n<p>E-mail :&nbsp;<a href=\"mailto:bop.pro@gmail.com\">louna.marin5@gmail.com<\/a><\/p>\n\n\n\n<hr class=\"wp-block-separator has-alpha-channel-opacity\"\/>\n\n\n\n<h3 class=\"wp-block-heading\"><strong>6. Conservation des donn\u00e9es<\/strong><\/h3>\n\n\n\n<p>Vos donn\u00e9es personnelles sont conserv\u00e9es aussi longtemps que n\u00e9cessaire pour atteindre les objectifs mentionn\u00e9s ci-dessus ou conform\u00e9ment aux exigences l\u00e9gales.<\/p>\n\n\n\n<hr class=\"wp-block-separator has-alpha-channel-opacity\"\/>\n\n\n\n<h3 class=\"wp-block-heading\"><strong>7. Cookies<\/strong><\/h3>\n\n\n\n<p>Le site internet peut utiliser des cookies afin d&rsquo;am\u00e9liorer l&rsquo;exp\u00e9rience utilisateur. Vous pouvez configurer votre navigateur pour refuser ces cookies si vous le souhaitez.<\/p>\n\n\n\n<hr class=\"wp-block-separator has-alpha-channel-opacity\"\/>\n\n\n\n<h3 class=\"wp-block-heading\"><strong>8. Propri\u00e9t\u00e9 intellectuelle<\/strong><\/h3>\n\n\n\n<p>Le site Portfolio de Louna Marin est prot\u00e9g\u00e9 par les lois sur la propri\u00e9t\u00e9 intellectuelle. Toute reproduction, diffusion ou utilisation non autoris\u00e9e des contenus est strictement interdite.<\/p>\n\n\n\n<hr class=\"wp-block-separator has-alpha-channel-opacity\"\/>\n\n\n\n<h3 class=\"wp-block-heading\"><strong>9. Modification de la politique de confidentialit\u00e9<\/strong><\/h3>\n\n\n\n<p>Nous nous r\u00e9servons le droit de modifier cette politique de confidentialit\u00e9 \u00e0 tout moment. Toute modification sera publi\u00e9e sur le site internet.<\/p>\n\n\n\n<p>Si vous avez des questions concernant cette politique de confidentialit\u00e9, n&rsquo;h\u00e9sitez pas \u00e0 me contacter.<\/p>\n\n\n\n<p><\/p>\n","protected":false},"excerpt":{"rendered":"<p>Derni\u00e8re mise \u00e0 jour : 10\/01\/26 Bienvenue sur le Portfolio de Louna Marin, un portefolio sous forme d&rsquo;un site web destin\u00e9 \u00e0 r\u00e9sumer mes projets d&rsquo;\u00e9tudiante en communication. J&rsquo;attache une grande importance \u00e0 la protection de vos donn\u00e9es personnelles. Cette politique de confidentialit\u00e9 vous informe sur la mani\u00e8re dont nous collectons, utilisons et prot\u00e9geons vos [&hellip;]<\/p>\n","protected":false},"author":1,"featured_media":0,"parent":0,"menu_order":0,"comment_status":"closed","ping_status":"open","template":"","meta":{"_themeisle_gutenberg_block_has_review":false,"footnotes":""},"class_list":["post-3","page","type-page","status-publish","hentry"],"_links":{"self":[{"href":"https:\/\/portfoliodelounamarin.com\/index.php?rest_route=\/wp\/v2\/pages\/3","targetHints":{"allow":["GET"]}}],"collection":[{"href":"https:\/\/portfoliodelounamarin.com\/index.php?rest_route=\/wp\/v2\/pages"}],"about":[{"href":"https:\/\/portfoliodelounamarin.com\/index.php?rest_route=\/wp\/v2\/types\/page"}],"author":[{"embeddable":true,"href":"https:\/\/portfoliodelounamarin.com\/index.php?rest_route=\/wp\/v2\/users\/1"}],"replies":[{"embeddable":true,"href":"https:\/\/portfoliodelounamarin.com\/index.php?rest_route=%2Fwp%2Fv2%2Fcomments&post=3"}],"version-history":[{"count":10,"href":"https:\/\/portfoliodelounamarin.com\/index.php?rest_route=\/wp\/v2\/pages\/3\/revisions"}],"predecessor-version":[{"id":925,"href":"https:\/\/portfoliodelounamarin.com\/index.php?rest_route=\/wp\/v2\/pages\/3\/revisions\/925"}],"wp:attachment":[{"href":"https:\/\/portfoliodelounamarin.com\/index.php?rest_route=%2Fwp%2Fv2%2Fmedia&parent=3"}],"curies":[{"name":"wp","href":"https:\/\/api.w.org\/{rel}","templated":true}]}}