{"id":29,"date":"2025-11-17T16:15:36","date_gmt":"2025-11-17T15:15:36","guid":{"rendered":"https:\/\/438255.cms-pedago.uco.fr\/?page_id=29"},"modified":"2026-01-15T17:42:45","modified_gmt":"2026-01-15T16:42:45","slug":"mes-projets","status":"publish","type":"page","link":"https:\/\/portfoliodelounamarin.com\/?page_id=29","title":{"rendered":"Mes projets"},"content":{"rendered":"\n<div style=\"height:2px\" aria-hidden=\"true\" class=\"wp-block-spacer\"><\/div>\n\n\n\n<h3 class=\"wp-block-heading has-text-align-center is-style-default has-contrast-color has-text-color has-link-color wp-elements-9800e181f3ce40e19eeb9fd0d078fb1f\">D\u00e9couvrez une s\u00e9lection de mes <strong>projets les plus repr\u00e9sentatifs<\/strong>, r\u00e9alis\u00e9s dans le cadre de mes \u00e9tudes, de mes stages et de mes engagements associatifs.<\/h3>\n\n\n\n<h2 class=\"wp-block-heading has-text-align-center is-style-text-annotation has-accent-3-color has-accent-4-background-color has-text-color has-background has-link-color has-medium-font-size wp-elements-158bcf32d68f2a6482edf3c70ec20502 is-style-text-annotation--1\">Chacun de mes projets refl\u00e8te une <strong>comp\u00e9tence<\/strong>, une <strong>m\u00e9thode de travail<\/strong>,                 ou une <strong>approche cr\u00e9ative<\/strong> diff\u00e9rente !<\/h2>\n\n\n\n<div style=\"height:5px\" aria-hidden=\"true\" class=\"wp-block-spacer\"><\/div>\n\n\n\n<div class=\"wp-block-columns is-layout-flex wp-container-core-columns-is-layout-28f84493 wp-block-columns-is-layout-flex\">\n<div class=\"wp-block-column is-layout-flow wp-block-column-is-layout-flow\">\n<div class=\"wp-block-columns is-layout-flex wp-container-core-columns-is-layout-28f84493 wp-block-columns-is-layout-flex\">\n<div class=\"wp-block-column is-layout-flow wp-block-column-is-layout-flow\" style=\"flex-basis:50%\">\n<figure class=\"wp-block-image size-large\"><a href=\"https:\/\/portfoliodelounamarin.com\/?page_id=290\"><img loading=\"lazy\" decoding=\"async\" width=\"1024\" height=\"1024\" src=\"https:\/\/portfoliodelounamarin.com\/wp-content\/uploads\/2026\/01\/2-5-1024x1024.png\" alt=\"\" class=\"wp-image-716\" title=\"\" srcset=\"https:\/\/portfoliodelounamarin.com\/wp-content\/uploads\/2026\/01\/2-5-1024x1024.png 1024w, https:\/\/portfoliodelounamarin.com\/wp-content\/uploads\/2026\/01\/2-5-300x300.png 300w, https:\/\/portfoliodelounamarin.com\/wp-content\/uploads\/2026\/01\/2-5-150x150.png 150w, https:\/\/portfoliodelounamarin.com\/wp-content\/uploads\/2026\/01\/2-5-768x768.png 768w, https:\/\/portfoliodelounamarin.com\/wp-content\/uploads\/2026\/01\/2-5.png 1500w\" sizes=\"auto, (max-width: 1024px) 100vw, 1024px\" \/><\/a><\/figure>\n<\/div>\n\n\n\n<div class=\"wp-block-column is-layout-flow wp-block-column-is-layout-flow\" style=\"flex-basis:50%\">\n<figure class=\"wp-block-image size-large\"><a href=\"https:\/\/portfoliodelounamarin.com\/?page_id=313\"><img loading=\"lazy\" decoding=\"async\" width=\"1024\" height=\"1024\" src=\"https:\/\/portfoliodelounamarin.com\/wp-content\/uploads\/2026\/01\/1-5-1024x1024.png\" alt=\"\" class=\"wp-image-715\" title=\"\" srcset=\"https:\/\/portfoliodelounamarin.com\/wp-content\/uploads\/2026\/01\/1-5-1024x1024.png 1024w, https:\/\/portfoliodelounamarin.com\/wp-content\/uploads\/2026\/01\/1-5-300x300.png 300w, https:\/\/portfoliodelounamarin.com\/wp-content\/uploads\/2026\/01\/1-5-150x150.png 150w, https:\/\/portfoliodelounamarin.com\/wp-content\/uploads\/2026\/01\/1-5-768x768.png 768w, https:\/\/portfoliodelounamarin.com\/wp-content\/uploads\/2026\/01\/1-5.png 1500w\" sizes=\"auto, (max-width: 1024px) 100vw, 1024px\" \/><\/a><\/figure>\n<\/div>\n<\/div>\n<\/div>\n<\/div>\n\n\n\n<div class=\"wp-block-columns is-layout-flex wp-container-core-columns-is-layout-28f84493 wp-block-columns-is-layout-flex\">\n<div class=\"wp-block-column is-layout-flow wp-block-column-is-layout-flow\">\n<div class=\"wp-block-columns is-layout-flex wp-container-core-columns-is-layout-28f84493 wp-block-columns-is-layout-flex\">\n<div class=\"wp-block-column is-layout-flow wp-block-column-is-layout-flow\">\n<div class=\"wp-block-buttons is-content-justification-center is-layout-flex wp-container-core-buttons-is-layout-a89b3969 wp-block-buttons-is-layout-flex\">\n<div class=\"wp-block-button is-style-fill\"><a class=\"wp-block-button__link has-text-align-center wp-element-button\" href=\"https:\/\/portfoliodelounamarin.com\/?page_id=290\"><strong>Web &amp; multim\u00e9dia<\/strong><\/a><\/div>\n<\/div>\n<\/div>\n\n\n\n<div class=\"wp-block-column is-layout-flow wp-block-column-is-layout-flow\">\n<div class=\"wp-block-buttons is-horizontal is-content-justification-center is-layout-flex wp-container-core-buttons-is-layout-03627597 wp-block-buttons-is-layout-flex\">\n<div class=\"wp-block-button has-custom-width wp-block-button__width-100\"><a class=\"wp-block-button__link has-text-align-center wp-element-button\" href=\"https:\/\/portfoliodelounamarin.com\/?page_id=313\"><strong>Design graphique &amp; identit\u00e9 visuelle<\/strong><\/a><\/div>\n<\/div>\n<\/div>\n<\/div>\n<\/div>\n<\/div>\n\n\n\n<div style=\"height:20px\" aria-hidden=\"true\" class=\"wp-block-spacer\"><\/div>\n\n\n\n<div class=\"wp-block-columns is-layout-flex wp-container-core-columns-is-layout-28f84493 wp-block-columns-is-layout-flex\">\n<div class=\"wp-block-column is-layout-flow wp-block-column-is-layout-flow\" style=\"flex-basis:100%\">\n<div class=\"wp-block-columns is-layout-flex wp-container-core-columns-is-layout-28f84493 wp-block-columns-is-layout-flex\">\n<div class=\"wp-block-column is-layout-flow wp-block-column-is-layout-flow\">\n<figure class=\"wp-block-image size-large\"><a href=\"https:\/\/portfoliodelounamarin.com\/?page_id=318\"><img loading=\"lazy\" decoding=\"async\" width=\"1024\" height=\"1024\" src=\"https:\/\/portfoliodelounamarin.com\/wp-content\/uploads\/2026\/01\/3-5-1024x1024.png\" alt=\"\" class=\"wp-image-717\" title=\"\" srcset=\"https:\/\/portfoliodelounamarin.com\/wp-content\/uploads\/2026\/01\/3-5-1024x1024.png 1024w, https:\/\/portfoliodelounamarin.com\/wp-content\/uploads\/2026\/01\/3-5-300x300.png 300w, https:\/\/portfoliodelounamarin.com\/wp-content\/uploads\/2026\/01\/3-5-150x150.png 150w, https:\/\/portfoliodelounamarin.com\/wp-content\/uploads\/2026\/01\/3-5-768x768.png 768w, https:\/\/portfoliodelounamarin.com\/wp-content\/uploads\/2026\/01\/3-5.png 1500w\" sizes=\"auto, (max-width: 1024px) 100vw, 1024px\" \/><\/a><\/figure>\n<\/div>\n\n\n\n<div class=\"wp-block-column is-layout-flow wp-block-column-is-layout-flow\">\n<figure class=\"wp-block-image size-large\"><a href=\"https:\/\/portfoliodelounamarin.com\/?page_id=315\"><img loading=\"lazy\" decoding=\"async\" width=\"1024\" height=\"1024\" src=\"https:\/\/portfoliodelounamarin.com\/wp-content\/uploads\/2026\/01\/6-5-1024x1024.png\" alt=\"\" class=\"wp-image-720\" title=\"\" srcset=\"https:\/\/portfoliodelounamarin.com\/wp-content\/uploads\/2026\/01\/6-5-1024x1024.png 1024w, https:\/\/portfoliodelounamarin.com\/wp-content\/uploads\/2026\/01\/6-5-300x300.png 300w, https:\/\/portfoliodelounamarin.com\/wp-content\/uploads\/2026\/01\/6-5-150x150.png 150w, https:\/\/portfoliodelounamarin.com\/wp-content\/uploads\/2026\/01\/6-5-768x768.png 768w, https:\/\/portfoliodelounamarin.com\/wp-content\/uploads\/2026\/01\/6-5.png 1500w\" sizes=\"auto, (max-width: 1024px) 100vw, 1024px\" \/><\/a><\/figure>\n<\/div>\n<\/div>\n<\/div>\n<\/div>\n\n\n\n<div class=\"wp-block-columns is-layout-flex wp-container-core-columns-is-layout-28f84493 wp-block-columns-is-layout-flex\">\n<div class=\"wp-block-column is-layout-flow wp-block-column-is-layout-flow\">\n<div class=\"wp-block-buttons is-content-justification-center is-layout-flex wp-container-core-buttons-is-layout-a89b3969 wp-block-buttons-is-layout-flex\">\n<div class=\"wp-block-button\"><a class=\"wp-block-button__link has-text-align-center wp-element-button\" href=\"https:\/\/portfoliodelounamarin.com\/?page_id=318\"><strong>Strat\u00e9gie de com&rsquo; &amp; gestion de projet<\/strong><\/a><\/div>\n<\/div>\n<\/div>\n\n\n\n<div class=\"wp-block-column is-layout-flow wp-block-column-is-layout-flow\">\n<div class=\"wp-block-buttons is-content-justification-center is-layout-flex wp-container-core-buttons-is-layout-a89b3969 wp-block-buttons-is-layout-flex\">\n<div class=\"wp-block-button\"><a class=\"wp-block-button__link has-text-align-center wp-element-button\" href=\"https:\/\/portfoliodelounamarin.com\/?page_id=315\"><strong>Autres projets de cours<\/strong><\/a><\/div>\n<\/div>\n<\/div>\n<\/div>\n\n\n\n<div style=\"height:20px\" aria-hidden=\"true\" class=\"wp-block-spacer\"><\/div>\n\n\n\n<div class=\"wp-block-columns is-layout-flex wp-container-core-columns-is-layout-28f84493 wp-block-columns-is-layout-flex\">\n<div class=\"wp-block-column is-layout-flow wp-block-column-is-layout-flow\">\n<figure class=\"wp-block-image size-large\"><a href=\"https:\/\/portfoliodelounamarin.com\/?page_id=320\"><img loading=\"lazy\" decoding=\"async\" width=\"1024\" height=\"1024\" src=\"https:\/\/portfoliodelounamarin.com\/wp-content\/uploads\/2026\/01\/5-6-1024x1024.png\" alt=\"\" class=\"wp-image-719\" title=\"\" srcset=\"https:\/\/portfoliodelounamarin.com\/wp-content\/uploads\/2026\/01\/5-6-1024x1024.png 1024w, https:\/\/portfoliodelounamarin.com\/wp-content\/uploads\/2026\/01\/5-6-300x300.png 300w, https:\/\/portfoliodelounamarin.com\/wp-content\/uploads\/2026\/01\/5-6-150x150.png 150w, https:\/\/portfoliodelounamarin.com\/wp-content\/uploads\/2026\/01\/5-6-768x768.png 768w, https:\/\/portfoliodelounamarin.com\/wp-content\/uploads\/2026\/01\/5-6.png 1500w\" sizes=\"auto, (max-width: 1024px) 100vw, 1024px\" \/><\/a><\/figure>\n<\/div>\n\n\n\n<div class=\"wp-block-column is-layout-flow wp-block-column-is-layout-flow\">\n<figure class=\"wp-block-image size-large\"><a href=\"https:\/\/portfoliodelounamarin.com\/?page_id=322\"><img loading=\"lazy\" decoding=\"async\" width=\"1024\" height=\"1024\" src=\"https:\/\/portfoliodelounamarin.com\/wp-content\/uploads\/2026\/01\/4-4-1024x1024.png\" alt=\"\" class=\"wp-image-718\" title=\"\" srcset=\"https:\/\/portfoliodelounamarin.com\/wp-content\/uploads\/2026\/01\/4-4-1024x1024.png 1024w, https:\/\/portfoliodelounamarin.com\/wp-content\/uploads\/2026\/01\/4-4-300x300.png 300w, https:\/\/portfoliodelounamarin.com\/wp-content\/uploads\/2026\/01\/4-4-150x150.png 150w, https:\/\/portfoliodelounamarin.com\/wp-content\/uploads\/2026\/01\/4-4-768x768.png 768w, https:\/\/portfoliodelounamarin.com\/wp-content\/uploads\/2026\/01\/4-4.png 1500w\" sizes=\"auto, (max-width: 1024px) 100vw, 1024px\" \/><\/a><\/figure>\n<\/div>\n<\/div>\n\n\n\n<div class=\"wp-block-columns is-layout-flex wp-container-core-columns-is-layout-28f84493 wp-block-columns-is-layout-flex\">\n<div class=\"wp-block-column is-layout-flow wp-block-column-is-layout-flow\">\n<div class=\"wp-block-buttons is-content-justification-center is-layout-flex wp-container-core-buttons-is-layout-a89b3969 wp-block-buttons-is-layout-flex\">\n<div class=\"wp-block-button\"><a class=\"wp-block-button__link has-text-align-center wp-element-button\" href=\"https:\/\/portfoliodelounamarin.com\/?page_id=320\"><strong>Projets de stage<\/strong><\/a><\/div>\n<\/div>\n<\/div>\n\n\n\n<div class=\"wp-block-column is-layout-flow wp-block-column-is-layout-flow\">\n<div class=\"wp-block-buttons is-content-justification-center is-layout-flex wp-container-core-buttons-is-layout-a89b3969 wp-block-buttons-is-layout-flex\">\n<div class=\"wp-block-button\"><a class=\"wp-block-button__link has-text-align-center wp-element-button\" href=\"https:\/\/portfoliodelounamarin.com\/?page_id=322\"><strong>Projets de b\u00e9n\u00e9volat<\/strong><\/a><\/div>\n<\/div>\n<\/div>\n<\/div>\n\n\n\n<p><\/p>\n","protected":false},"excerpt":{"rendered":"<p>D\u00e9couvrez une s\u00e9lection de mes projets les plus repr\u00e9sentatifs, r\u00e9alis\u00e9s dans le cadre de mes \u00e9tudes, de mes stages et de mes engagements associatifs. Chacun de mes projets refl\u00e8te une comp\u00e9tence, une m\u00e9thode de travail, ou une approche cr\u00e9ative diff\u00e9rente !<\/p>\n","protected":false},"author":1,"featured_media":0,"parent":0,"menu_order":0,"comment_status":"closed","ping_status":"closed","template":"","meta":{"_themeisle_gutenberg_block_has_review":false,"footnotes":""},"class_list":["post-29","page","type-page","status-publish","hentry"],"_links":{"self":[{"href":"https:\/\/portfoliodelounamarin.com\/index.php?rest_route=\/wp\/v2\/pages\/29","targetHints":{"allow":["GET"]}}],"collection":[{"href":"https:\/\/portfoliodelounamarin.com\/index.php?rest_route=\/wp\/v2\/pages"}],"about":[{"href":"https:\/\/portfoliodelounamarin.com\/index.php?rest_route=\/wp\/v2\/types\/page"}],"author":[{"embeddable":true,"href":"https:\/\/portfoliodelounamarin.com\/index.php?rest_route=\/wp\/v2\/users\/1"}],"replies":[{"embeddable":true,"href":"https:\/\/portfoliodelounamarin.com\/index.php?rest_route=%2Fwp%2Fv2%2Fcomments&post=29"}],"version-history":[{"count":47,"href":"https:\/\/portfoliodelounamarin.com\/index.php?rest_route=\/wp\/v2\/pages\/29\/revisions"}],"predecessor-version":[{"id":827,"href":"https:\/\/portfoliodelounamarin.com\/index.php?rest_route=\/wp\/v2\/pages\/29\/revisions\/827"}],"wp:attachment":[{"href":"https:\/\/portfoliodelounamarin.com\/index.php?rest_route=%2Fwp%2Fv2%2Fmedia&parent=29"}],"curies":[{"name":"wp","href":"https:\/\/api.w.org\/{rel}","templated":true}]}}