{"id":26,"date":"2025-11-17T16:14:21","date_gmt":"2025-11-17T15:14:21","guid":{"rendered":"https:\/\/438255.cms-pedago.uco.fr\/?page_id=26"},"modified":"2026-03-06T12:27:38","modified_gmt":"2026-03-06T11:27:38","slug":"qui-suis-je","status":"publish","type":"page","link":"https:\/\/portfoliodelounamarin.com\/?page_id=26","title":{"rendered":"Qui suis-je ?"},"content":{"rendered":"\n\n\n<div style=\"height:10px\" aria-hidden=\"true\" class=\"wp-block-spacer\"><\/div>\n\n\n\n<hr class=\"wp-block-separator has-alpha-channel-opacity\"\/>\n\n\n\n<div id=\"wp-block-themeisle-blocks-advanced-columns-35825447\" class=\"wp-block-themeisle-blocks-advanced-columns alignfull has-2-columns has-desktop-oneTwo-layout has-tablet-equal-layout has-mobile-collapsedRows-layout has-vertical-center ticss-c00aadba has-dark-bg\"><div class=\"wp-block-themeisle-blocks-advanced-columns-overlay\"><\/div><div class=\"innerblocks-wrap\">\n<div id=\"wp-block-themeisle-blocks-advanced-column-fedc9d47\" class=\"wp-block-themeisle-blocks-advanced-column\">\n<figure class=\"wp-block-image size-large has-custom-border\"><img loading=\"lazy\" decoding=\"async\" width=\"1024\" height=\"1024\" src=\"https:\/\/portfoliodelounamarin.com\/wp-content\/uploads\/2026\/01\/pdp-LinkedIn-1024x1024.png\" alt=\"\" class=\"has-border-color has-contrast-border-color wp-image-90\" style=\"border-width:2px;border-top-left-radius:100px;border-top-right-radius:100px;border-bottom-left-radius:100px;border-bottom-right-radius:100px\" title=\"\" srcset=\"https:\/\/portfoliodelounamarin.com\/wp-content\/uploads\/2026\/01\/pdp-LinkedIn-1024x1024.png 1024w, https:\/\/portfoliodelounamarin.com\/wp-content\/uploads\/2026\/01\/pdp-LinkedIn-300x300.png 300w, https:\/\/portfoliodelounamarin.com\/wp-content\/uploads\/2026\/01\/pdp-LinkedIn-150x150.png 150w, https:\/\/portfoliodelounamarin.com\/wp-content\/uploads\/2026\/01\/pdp-LinkedIn-768x768.png 768w, https:\/\/portfoliodelounamarin.com\/wp-content\/uploads\/2026\/01\/pdp-LinkedIn.png 1055w\" sizes=\"auto, (max-width: 1024px) 100vw, 1024px\" \/><\/figure>\n<\/div>\n\n\n\n<div id=\"wp-block-themeisle-blocks-advanced-column-ed1b12ac\" class=\"wp-block-themeisle-blocks-advanced-column\">\n<h2 id=\"wp-block-themeisle-blocks-advanced-heading-8f3ca166\" class=\"wp-block-themeisle-blocks-advanced-heading wp-block-themeisle-blocks-advanced-heading-8f3ca166\"><strong>Pr\u00e9sentation rapide<\/strong><\/h2>\n\n\n\n<blockquote class=\"wp-block-quote has-border-color has-accent-4-border-color is-layout-flow wp-block-quote-is-layout-flow\">\n<h3 class=\"wp-block-heading has-contrast-color has-text-color has-link-color wp-elements-44185a8c359982c9e9e4f1c6c94635f4\">\u00c9tudiante en <strong>Licence 3 Information-Communication<\/strong> \u00e0 l\u2019UCO de Nantes, je me sp\u00e9cialise dans la <strong>communication visuelle et digitale<\/strong>. Curieuse, cr\u00e9ative et investie, j&rsquo;appr\u00e9cie travailler dans des projets qui allient strat\u00e9gie, design et production de contenus, notamment dans le <strong>secteur gastronomique<\/strong>, aussi bien dans un cadre acad\u00e9mique que professionnel ou associatif.<\/h3>\n<\/blockquote>\n\n\n\n<div id=\"wp-block-themeisle-blocks-progress-bar-b4d63408\" class=\"wp-block-themeisle-blocks-progress-bar\" data-percent=\"60\" data-duration=\"2\"><div class=\"wp-block-themeisle-blocks-progress-bar__area\"><div class=\"wp-block-themeisle-blocks-progress-bar__area__title\"><span>\u2665 \u2665  Cr\u00e9ation visuelle<\/span><\/div><div class=\"wp-block-themeisle-blocks-progress-bar__area__bar\"><div class=\"wp-block-themeisle-blocks-progress-bar__progress__append wp-block-themeisle-blocks-progress-bar__number\">60<\/div><\/div><\/div><\/div>\n\n\n\n<div style=\"height:10px\" aria-hidden=\"true\" class=\"wp-block-spacer\"><\/div>\n\n\n\n<div id=\"wp-block-themeisle-blocks-progress-bar-d620fe76\" class=\"wp-block-themeisle-blocks-progress-bar\" data-percent=\"80\" data-duration=\"2\"><div class=\"wp-block-themeisle-blocks-progress-bar__area\"><div class=\"wp-block-themeisle-blocks-progress-bar__area__title\"><span>\u2665 \u2665 \u2665  Strat\u00e9gie &amp; contenus<\/span><\/div><div class=\"wp-block-themeisle-blocks-progress-bar__area__bar\"><div class=\"wp-block-themeisle-blocks-progress-bar__progress__append wp-block-themeisle-blocks-progress-bar__number\">80<\/div><\/div><\/div><\/div>\n<\/div>\n<\/div><\/div>\n\n\n\n<div class=\"wp-block-group alignfull has-global-padding is-layout-constrained wp-block-group-is-layout-constrained\" style=\"margin-top:0;margin-bottom:0;padding-top:var(--wp--preset--spacing--60);padding-bottom:var(--wp--preset--spacing--60)\">\n<div class=\"wp-block-group alignwide is-content-justification-center is-layout-flex wp-container-core-group-is-layout-b02886af wp-block-group-is-layout-flex\">\n<h3 class=\"wp-block-heading has-text-align-center has-contrast-color has-text-color has-link-color has-x-large-font-size wp-elements-bdc899959b4a199cddebe47720690e0a\"><strong>Pour en savoir un peu plus sur moi !<\/strong><\/h3>\n<\/div>\n\n\n\n<hr class=\"wp-block-separator has-alpha-channel-opacity\"\/>\n\n\n\n<div class=\"wp-block-columns alignwide is-layout-flex wp-container-core-columns-is-layout-e87f2171 wp-block-columns-is-layout-flex\" style=\"margin-top:var(--wp--preset--spacing--70);margin-bottom:0\">\n<div class=\"wp-block-column has-accent-4-background-color has-background has-global-padding is-content-justification-center is-layout-constrained wp-container-core-column-is-layout-860428b2 wp-block-column-is-layout-constrained\" style=\"border-style:none;border-width:0px;border-radius:10px;padding-top:var(--wp--preset--spacing--40);padding-right:var(--wp--preset--spacing--40);padding-bottom:var(--wp--preset--spacing--40);padding-left:var(--wp--preset--spacing--40);box-shadow:var(--wp--preset--shadow--natural)\">\n<div class=\"wp-block-columns is-layout-flex wp-container-core-columns-is-layout-28f84493 wp-block-columns-is-layout-flex\">\n<div class=\"wp-block-column is-layout-flow wp-block-column-is-layout-flow\" style=\"flex-basis:66.66%\">\n<h3 class=\"wp-block-heading is-style-text-annotation has-large-font-size is-style-text-annotation--1\"><strong>Parcours scolaire<\/strong><\/h3>\n<\/div>\n\n\n\n<div class=\"wp-block-column is-layout-flow wp-block-column-is-layout-flow\" style=\"flex-basis:33.33%\">\n<div id=\"wp-block-themeisle-blocks-font-awesome-icons-40cee1b0\" class=\"wp-block-themeisle-blocks-font-awesome-icons\"><span class=\"wp-block-themeisle-blocks-font-awesome-icons-container nan-padding\"><i class=\"fas fa-laptop\"><\/i><\/span><\/div>\n<\/div>\n<\/div>\n\n\n\n<h2 class=\"wp-block-heading has-medium-font-size\"><strong>Baccalaur\u00e9at g\u00e9n\u00e9ral mention Bien<\/strong>, avec option <strong>Arts plastiques<\/strong>.<\/h2>\n\n\n\n<hr class=\"wp-block-separator has-alpha-channel-opacity\"\/>\n\n\n\n<h2 class=\"wp-block-heading has-medium-font-size\">Choix de m&rsquo;orienter vers la communication afin d\u2019allier cr\u00e9ativit\u00e9 et r\u00e9flexion strat\u00e9gique.<\/h2>\n\n\n\n<hr class=\"wp-block-separator has-alpha-channel-opacity\"\/>\n\n\n\n<h2 class=\"wp-block-heading has-medium-font-size\">2023-2026 : Actuellement en <strong>Licence Info-Com<\/strong> \u00e0 l\u2019UCO Nantes avec une <strong>mineure en Conception Web, Design et Innovation<\/strong>, qui me permet de d\u00e9velopper des comp\u00e9tences en cr\u00e9ation graphique, communication digitale et gestion de projets.<\/h2>\n<\/div>\n\n\n\n<div class=\"wp-block-column has-accent-4-background-color has-background has-global-padding is-content-justification-center is-layout-constrained wp-container-core-column-is-layout-860428b2 wp-block-column-is-layout-constrained\" style=\"border-style:none;border-width:0px;border-radius:10px;padding-top:var(--wp--preset--spacing--40);padding-right:var(--wp--preset--spacing--40);padding-bottom:var(--wp--preset--spacing--40);padding-left:var(--wp--preset--spacing--40);box-shadow:var(--wp--preset--shadow--natural)\">\n<div class=\"wp-block-columns is-not-stacked-on-mobile is-layout-flex wp-container-core-columns-is-layout-81213e5a wp-block-columns-is-layout-flex\" style=\"margin-top:0;margin-bottom:0\">\n<div class=\"wp-block-column is-layout-flow wp-block-column-is-layout-flow\" style=\"flex-basis:66.66%\">\n<h3 class=\"wp-block-heading is-style-text-annotation has-large-font-size is-style-text-annotation--2\"><strong>Qualit\u00e9s, soft skills et comp\u00e9tences<\/strong><\/h3>\n<\/div>\n\n\n\n<div class=\"wp-block-column is-layout-flow wp-block-column-is-layout-flow\" style=\"flex-basis:33.33%\">\n<div id=\"wp-block-themeisle-blocks-font-awesome-icons-396de792\" class=\"wp-block-themeisle-blocks-font-awesome-icons\"><span class=\"wp-block-themeisle-blocks-font-awesome-icons-container nan-padding\"><i class=\"fas fa-palette\"><\/i><\/span><\/div>\n<\/div>\n<\/div>\n\n\n\n<h2 class=\"wp-block-heading has-medium-font-size\">Au fil de mes exp\u00e9riences professionnelles et associatives, j\u2019ai d\u00e9velopp\u00e9 un profil polyvalent et engag\u00e9.<\/h2>\n\n\n\n<hr class=\"wp-block-separator has-alpha-channel-opacity\"\/>\n\n\n\n<h2 class=\"wp-block-heading has-medium-font-size\">Je suis <strong>m\u00e9ticuleuse, organis\u00e9e et cr\u00e9ative<\/strong>, avec un bon sens de l\u2019initiative et un esprit d\u2019\u00e9quipe affirm\u00e9. J&rsquo;essaye d&rsquo;\u00eatre \u00e0 l&rsquo;aise \u00e0 l\u2019oral comme \u00e0 l\u2019\u00e9crit, je sais m\u2019adapter \u00e0 diff\u00e9rents contextes et mener plusieurs projets de front.<\/h2>\n\n\n\n<hr class=\"wp-block-separator has-alpha-channel-opacity\"\/>\n\n\n\n<h2 class=\"wp-block-heading has-medium-font-size\">Je ma\u00eetrise les <strong>outils de cr\u00e9ation graphique et num\u00e9rique<\/strong> (Suite Adobe, Figma, WordPress, Canva), les <strong>r\u00e9seaux sociaux<\/strong>, ainsi que les bases du <strong>web et de la communication digitale<\/strong>.<\/h2>\n<\/div>\n<\/div>\n<\/div>\n\n\n\n<div class=\"wp-block-columns alignwide is-layout-flex wp-container-core-columns-is-layout-28f84493 wp-block-columns-is-layout-flex\">\n<div class=\"wp-block-column is-layout-flow wp-block-column-is-layout-flow\">\n<div class=\"wp-block-columns is-layout-flex wp-container-core-columns-is-layout-28f84493 wp-block-columns-is-layout-flex\">\n<div class=\"wp-block-column is-layout-flow wp-block-column-is-layout-flow\" style=\"flex-basis:25%\"><\/div>\n\n\n\n<div class=\"wp-block-column is-layout-flow wp-block-column-is-layout-flow\" style=\"flex-basis:50%\">\n<div class=\"wp-block-file aligncenter has-accent-4-background-color has-background has-link-color wp-elements-23fa86deefa9cbc0ce1951f9e5458071\" style=\"border-top-left-radius:30px;border-top-right-radius:30px;border-bottom-left-radius:30px;border-bottom-right-radius:30px;margin-top:0;margin-bottom:0;padding-top:var(--wp--preset--spacing--30);padding-right:var(--wp--preset--spacing--20);padding-bottom:var(--wp--preset--spacing--30);padding-left:var(--wp--preset--spacing--20)\"><a id=\"wp-block-file--media-b45c8c33-3ca2-41ed-aff3-0836a364e0cc\" href=\"https:\/\/portfoliodelounamarin.com\/wp-content\/uploads\/2026\/03\/CV-Master-Louna-MARIN.pdf\" target=\"_blank\" rel=\"noreferrer noopener\">CV Master &#8211; Louna MARIN<\/a><a href=\"https:\/\/portfoliodelounamarin.com\/wp-content\/uploads\/2026\/03\/CV-Master-Louna-MARIN.pdf\" class=\"wp-block-file__button wp-element-button\" download aria-describedby=\"wp-block-file--media-b45c8c33-3ca2-41ed-aff3-0836a364e0cc\"><strong>T\u00e9l\u00e9charger en PDF<\/strong><\/a><\/div>\n<\/div>\n\n\n\n<div class=\"wp-block-column is-layout-flow wp-block-column-is-layout-flow\" style=\"flex-basis:25%\"><\/div>\n<\/div>\n<\/div>\n<\/div>\n\n\n\n<div style=\"height:2px\" aria-hidden=\"true\" class=\"wp-block-spacer\"><\/div>\n\n\n\n<div id=\"wp-block-themeisle-blocks-font-awesome-icons-27e2c43e\" class=\"wp-block-themeisle-blocks-font-awesome-icons\"><span class=\"wp-block-themeisle-blocks-font-awesome-icons-container\"><i class=\"fas fa-grin-beam\"><\/i><\/span><\/div>\n\n\n\n<p><\/p>\n","protected":false},"excerpt":{"rendered":"<p>Pour en savoir un peu plus sur moi ! Parcours scolaire Baccalaur\u00e9at g\u00e9n\u00e9ral mention Bien, avec option Arts plastiques. Choix de m&rsquo;orienter vers la communication afin d\u2019allier cr\u00e9ativit\u00e9 et r\u00e9flexion strat\u00e9gique. 2023-2026 : Actuellement en Licence Info-Com \u00e0 l\u2019UCO Nantes avec une mineure en Conception Web, Design et Innovation, qui me permet de d\u00e9velopper des [&hellip;]<\/p>\n","protected":false},"author":1,"featured_media":0,"parent":0,"menu_order":0,"comment_status":"closed","ping_status":"closed","template":"","meta":{"_themeisle_gutenberg_block_has_review":false,"footnotes":""},"class_list":["post-26","page","type-page","status-publish","hentry"],"_links":{"self":[{"href":"https:\/\/portfoliodelounamarin.com\/index.php?rest_route=\/wp\/v2\/pages\/26","targetHints":{"allow":["GET"]}}],"collection":[{"href":"https:\/\/portfoliodelounamarin.com\/index.php?rest_route=\/wp\/v2\/pages"}],"about":[{"href":"https:\/\/portfoliodelounamarin.com\/index.php?rest_route=\/wp\/v2\/types\/page"}],"author":[{"embeddable":true,"href":"https:\/\/portfoliodelounamarin.com\/index.php?rest_route=\/wp\/v2\/users\/1"}],"replies":[{"embeddable":true,"href":"https:\/\/portfoliodelounamarin.com\/index.php?rest_route=%2Fwp%2Fv2%2Fcomments&post=26"}],"version-history":[{"count":41,"href":"https:\/\/portfoliodelounamarin.com\/index.php?rest_route=\/wp\/v2\/pages\/26\/revisions"}],"predecessor-version":[{"id":994,"href":"https:\/\/portfoliodelounamarin.com\/index.php?rest_route=\/wp\/v2\/pages\/26\/revisions\/994"}],"wp:attachment":[{"href":"https:\/\/portfoliodelounamarin.com\/index.php?rest_route=%2Fwp%2Fv2%2Fmedia&parent=26"}],"curies":[{"name":"wp","href":"https:\/\/api.w.org\/{rel}","templated":true}]}}