{"id":15,"date":"2025-11-17T15:54:26","date_gmt":"2025-11-17T14:54:26","guid":{"rendered":"https:\/\/438255.cms-pedago.uco.fr\/?page_id=15"},"modified":"2026-03-01T21:51:51","modified_gmt":"2026-03-01T20:51:51","slug":"mentions-legales","status":"publish","type":"page","link":"https:\/\/portfoliodelounamarin.com\/?page_id=15","title":{"rendered":"Mentions l\u00e9gales"},"content":{"rendered":"\n<div style=\"height:2px\" aria-hidden=\"true\" class=\"wp-block-spacer\"><\/div>\n\n\n\n<p class=\"has-small-font-size\">Derni\u00e8re mise \u00e0 jour : 11\/01\/26<\/p>\n\n\n\n<h3 class=\"wp-block-heading\"><strong>1. \u00c9diteur du site<\/strong><\/h3>\n\n\n\n<p>Le site internet Portfolio de Louna Marin est \u00e9dit\u00e9 par : Louna MARIN<\/p>\n\n\n\n<p>T\u00e9l\u00e9phone : 07 83 10 82 34<br>E-mail : louna.marin5@gmail.com<\/p>\n\n\n\n<hr class=\"wp-block-separator has-alpha-channel-opacity\"\/>\n\n\n\n<h3 class=\"wp-block-heading\"><strong>2. Responsable de la publication<\/strong><\/h3>\n\n\n\n<p>La responsable de la publication est MARIN Louna, en qualit\u00e9 de responsable du site web.<\/p>\n\n\n\n<hr class=\"wp-block-separator has-alpha-channel-opacity\"\/>\n\n\n\n<h3 class=\"wp-block-heading\"><strong>3. H\u00e9bergement du site<\/strong><\/h3>\n\n\n\n<p>Le site est h\u00e9berg\u00e9 par : OVH SAS\u00a0<br>Adresse : 2 rue Kellermann \u2013 BP 80157 \u2013 59053 Roubaix Cedex 1<br>Site web officiel : <a href=\"https:\/\/www.ovhcloud.com\/fr\" target=\"_blank\" rel=\"noopener\">https:\/\/www.ovhcloud.com\/fr<\/a><\/p>\n\n\n\n<hr class=\"wp-block-separator has-alpha-channel-opacity\"\/>\n\n\n\n<h3 class=\"wp-block-heading\"><strong>4. Propri\u00e9t\u00e9 intellectuelle<\/strong><\/h3>\n\n\n\n<p>Le site Portfolio de Louna Marin et l&rsquo;ensemble de ses contenus (textes, images, graphismes, logos, ic\u00f4nes, etc.) sont prot\u00e9g\u00e9s par les lois en vigueur sur la propri\u00e9t\u00e9 intellectuelle. Toute reproduction, repr\u00e9sentation, modification, publication, adaptation de tout ou partie des \u00e9l\u00e9ments du site, quel que soit le moyen ou le proc\u00e9d\u00e9 utilis\u00e9, est interdite sans l&rsquo;autorisation \u00e9crite pr\u00e9alable de Louna MARIN.<\/p>\n\n\n\n<hr class=\"wp-block-separator has-alpha-channel-opacity\"\/>\n\n\n\n<h3 class=\"wp-block-heading\"><strong>5. Protection des donn\u00e9es personnelles<\/strong><\/h3>\n\n\n\n<p>Conform\u00e9ment au R\u00e8glement G\u00e9n\u00e9ral sur la Protection des Donn\u00e9es (RGPD), les informations collect\u00e9es sur le site Portfolio de Louna Marin sont trait\u00e9es avec la plus grande confidentialit\u00e9. Pour en savoir plus, veuillez consulter notre Politique de Confidentialit\u00e9.<\/p>\n\n\n\n<hr class=\"wp-block-separator has-alpha-channel-opacity\"\/>\n\n\n\n<h3 class=\"wp-block-heading\"><strong>6. Responsabilit\u00e9<\/strong><\/h3>\n\n\n\n<p>Louna MARIN s&rsquo;efforce d&rsquo;assurer l&rsquo;exactitude et la mise \u00e0 jour des informations diffus\u00e9es sur son site. Toutefois, nous ne saurions \u00eatre tenus responsables des erreurs, omissions ou r\u00e9sultats obtenus \u00e0 la suite d&rsquo;un mauvais usage des informations disponibles sur le site.<\/p>\n\n\n\n<hr class=\"wp-block-separator has-alpha-channel-opacity\"\/>\n\n\n\n<h3 class=\"wp-block-heading\"><strong>7. Liens hypertextes<\/strong><\/h3>\n\n\n\n<p>Le site Portfolio de Louna Marin peut contenir des liens vers d&rsquo;autres sites internet ou d&rsquo;autres fichiers externes. Nous d\u00e9clinons toute responsabilit\u00e9 quant aux contenus de ces sites tiers.<\/p>\n\n\n\n<hr class=\"wp-block-separator has-alpha-channel-opacity\"\/>\n\n\n\n<h3 class=\"wp-block-heading\"><strong>8. Droit applicable et juridiction comp\u00e9tente<\/strong><\/h3>\n\n\n\n<p>Les pr\u00e9sentes mentions l\u00e9gales sont r\u00e9gies par le droit fran\u00e7ais. En cas de litige, les tribunaux fran\u00e7ais seront seuls comp\u00e9tents.<\/p>\n\n\n\n<p>Pour toute question, vous pouvez me contacter \u00e0 : &nbsp;<a href=\"mailto:bop.pro@gmail.com\">louna.marin5@gmail.com<\/a>.<\/p>\n\n\n\n<p><\/p>\n","protected":false},"excerpt":{"rendered":"<p>Derni\u00e8re mise \u00e0 jour : 11\/01\/26 1. \u00c9diteur du site Le site internet Portfolio de Louna Marin est \u00e9dit\u00e9 par : Louna MARIN T\u00e9l\u00e9phone : 07 83 10 82 34E-mail : louna.marin5@gmail.com 2. Responsable de la publication La responsable de la publication est MARIN Louna, en qualit\u00e9 de responsable du site web. 3. H\u00e9bergement du [&hellip;]<\/p>\n","protected":false},"author":1,"featured_media":0,"parent":0,"menu_order":0,"comment_status":"closed","ping_status":"closed","template":"","meta":{"_themeisle_gutenberg_block_has_review":false,"footnotes":""},"class_list":["post-15","page","type-page","status-publish","hentry"],"_links":{"self":[{"href":"https:\/\/portfoliodelounamarin.com\/index.php?rest_route=\/wp\/v2\/pages\/15","targetHints":{"allow":["GET"]}}],"collection":[{"href":"https:\/\/portfoliodelounamarin.com\/index.php?rest_route=\/wp\/v2\/pages"}],"about":[{"href":"https:\/\/portfoliodelounamarin.com\/index.php?rest_route=\/wp\/v2\/types\/page"}],"author":[{"embeddable":true,"href":"https:\/\/portfoliodelounamarin.com\/index.php?rest_route=\/wp\/v2\/users\/1"}],"replies":[{"embeddable":true,"href":"https:\/\/portfoliodelounamarin.com\/index.php?rest_route=%2Fwp%2Fv2%2Fcomments&post=15"}],"version-history":[{"count":8,"href":"https:\/\/portfoliodelounamarin.com\/index.php?rest_route=\/wp\/v2\/pages\/15\/revisions"}],"predecessor-version":[{"id":924,"href":"https:\/\/portfoliodelounamarin.com\/index.php?rest_route=\/wp\/v2\/pages\/15\/revisions\/924"}],"wp:attachment":[{"href":"https:\/\/portfoliodelounamarin.com\/index.php?rest_route=%2Fwp%2Fv2%2Fmedia&parent=15"}],"curies":[{"name":"wp","href":"https:\/\/api.w.org\/{rel}","templated":true}]}}